{"id":3903,"date":"2024-08-06T10:19:33","date_gmt":"2024-08-06T08:19:33","guid":{"rendered":"https:\/\/fabrika48.sk\/showroom-of-furniture-and-accessories\/revilo\/"},"modified":"2024-08-06T10:19:34","modified_gmt":"2024-08-06T08:19:34","slug":"revilo","status":"publish","type":"page","link":"https:\/\/fabrika48.sk\/en\/showroom-of-furniture-and-accessories\/revilo\/","title":{"rendered":"Revilo"},"content":{"rendered":"<style>.kb-row-layout-id463_7b7ad2-df > .kt-row-column-wrap{align-content:end;}:where(.kb-row-layout-id463_7b7ad2-df > .kt-row-column-wrap) > .wp-block-kadence-column{justify-content:end;}.kb-row-layout-id463_7b7ad2-df > .kt-row-column-wrap{column-gap:var(--global-kb-gap-md, 2rem);row-gap:var(--global-kb-gap-md, 2rem);max-width:var( --global-content-width, 1400px );padding-left:var(--global-content-edge-padding);padding-right:var(--global-content-edge-padding);padding-top:var(--global-kb-spacing-sm, 1.5rem);padding-bottom:var(--global-kb-spacing-sm, 1.5rem);min-height:500px;grid-template-columns:minmax(0, 1fr);}.kb-row-layout-id463_7b7ad2-df{background-image:url('https:\/\/fabrika48.sk\/wp-content\/uploads\/2021\/10\/04.jpeg');background-size:cover;background-position:center center;background-attachment:scroll;background-repeat:no-repeat;}.kb-row-layout-id463_7b7ad2-df > .kt-row-layout-overlay{opacity:1;background:linear-gradient(5deg,var(--global-palette2) 0%,rgba(20,39,109,0) 39%);}@media all and (max-width: 1024px){.kb-row-layout-id463_7b7ad2-df > .kt-row-column-wrap{grid-template-columns:minmax(0, 1fr);}}@media all and (max-width: 767px){.kb-row-layout-id463_7b7ad2-df > .kt-row-column-wrap{grid-template-columns:minmax(0, 1fr);}}<\/style><div class=\"kb-row-layout-wrap kb-row-layout-id463_7b7ad2-df alignfull kt-row-has-bg wp-block-kadence-rowlayout\"><div class=\"kt-row-layout-overlay kt-row-overlay-gradient\"><\/div><div class=\"kt-row-column-wrap kt-has-1-columns kt-row-layout-equal kt-tab-layout-inherit kt-mobile-layout-row kt-row-valign-bottom kt-inner-column-height-full kb-theme-content-width\">\n<style>.kadence-column463_f3016c-e9 > .kt-inside-inner-col,.kadence-column463_f3016c-e9 > .kt-inside-inner-col:before{border-top-left-radius:0px;border-top-right-radius:0px;border-bottom-right-radius:0px;border-bottom-left-radius:0px;}.kadence-column463_f3016c-e9 > .kt-inside-inner-col{column-gap:var(--global-kb-gap-sm, 1rem);}.kadence-column463_f3016c-e9 > .kt-inside-inner-col{flex-direction:column;}.kadence-column463_f3016c-e9 > .kt-inside-inner-col > .aligncenter{width:100%;}.kadence-column463_f3016c-e9 > .kt-inside-inner-col:before{opacity:0.53;mix-blend-mode:normal;}.kadence-column463_f3016c-e9{position:relative;}@media all and (max-width: 1024px){.kadence-column463_f3016c-e9 > .kt-inside-inner-col{flex-direction:column;justify-content:center;}}@media all and (max-width: 767px){.kadence-column463_f3016c-e9 > .kt-inside-inner-col{flex-direction:column;justify-content:center;}}<\/style>\n<div class=\"wp-block-kadence-column kadence-column463_f3016c-e9\"><div class=\"kt-inside-inner-col\"><style>.wp-block-kadence-advancedheading.kt-adv-heading463_ba25c5-8c, .wp-block-kadence-advancedheading.kt-adv-heading463_ba25c5-8c[data-kb-block=\"kb-adv-heading463_ba25c5-8c\"]{font-style:normal;}.wp-block-kadence-advancedheading.kt-adv-heading463_ba25c5-8c mark.kt-highlight, .wp-block-kadence-advancedheading.kt-adv-heading463_ba25c5-8c[data-kb-block=\"kb-adv-heading463_ba25c5-8c\"] mark.kt-highlight{font-style:normal;color:#f76a0c;-webkit-box-decoration-break:clone;box-decoration-break:clone;padding-top:0px;padding-right:0px;padding-bottom:0px;padding-left:0px;}.wp-block-kadence-advancedheading.kt-adv-heading463_ba25c5-8c img.kb-inline-image, .wp-block-kadence-advancedheading.kt-adv-heading463_ba25c5-8c[data-kb-block=\"kb-adv-heading463_ba25c5-8c\"] img.kb-inline-image{width:150px;vertical-align:baseline;}<\/style>\n<h1 class=\"kt-adv-heading463_ba25c5-8c wp-block-kadence-advancedheading has-theme-palette-9-color has-text-color\" data-kb-block=\"kb-adv-heading463_ba25c5-8c\">Revilo<\/h1>\n<\/div><\/div>\n\n<\/div><\/div><style>.kb-row-layout-id463_990d02-10 > .kt-row-column-wrap{align-content:start;}:where(.kb-row-layout-id463_990d02-10 > .kt-row-column-wrap) > .wp-block-kadence-column{justify-content:start;}.kb-row-layout-id463_990d02-10 > .kt-row-column-wrap{column-gap:var(--global-kb-gap-md, 2rem);row-gap:var(--global-kb-gap-md, 2rem);max-width:800px;margin-left:auto;margin-right:auto;padding-top:var(--global-kb-spacing-xl, 4rem);padding-bottom:var(--global-kb-spacing-xl, 4rem);grid-template-columns:minmax(0, 1fr);}.kb-row-layout-id463_990d02-10 > .kt-row-layout-overlay{opacity:0.30;}@media all and (max-width: 1024px){.kb-row-layout-id463_990d02-10 > .kt-row-column-wrap{padding-top:16px;padding-right:20px;padding-left:20px;grid-template-columns:minmax(0, 1fr);}}@media all and (max-width: 767px){.kb-row-layout-id463_990d02-10 > .kt-row-column-wrap{padding-right:20px;padding-left:20px;grid-template-columns:minmax(0, 1fr);}}<\/style><div class=\"kb-row-layout-wrap kb-row-layout-id463_990d02-10 alignnone wp-block-kadence-rowlayout\"><div class=\"kt-row-column-wrap kt-has-1-columns kt-row-layout-equal kt-tab-layout-inherit kt-mobile-layout-row kt-row-valign-top\">\n<style>.kadence-column463_82708c-31 > .kt-inside-inner-col,.kadence-column463_82708c-31 > .kt-inside-inner-col:before{border-top-left-radius:0px;border-top-right-radius:0px;border-bottom-right-radius:0px;border-bottom-left-radius:0px;}.kadence-column463_82708c-31 > .kt-inside-inner-col{column-gap:var(--global-kb-gap-sm, 1rem);}.kadence-column463_82708c-31 > .kt-inside-inner-col{flex-direction:column;}.kadence-column463_82708c-31 > .kt-inside-inner-col > .aligncenter{width:100%;}.kadence-column463_82708c-31 > .kt-inside-inner-col:before{opacity:0.3;}.kadence-column463_82708c-31{position:relative;}@media all and (max-width: 1024px){.kadence-column463_82708c-31 > .kt-inside-inner-col{flex-direction:column;justify-content:center;}}@media all and (max-width: 767px){.kadence-column463_82708c-31 > .kt-inside-inner-col{flex-direction:column;justify-content:center;}}<\/style>\n<div class=\"wp-block-kadence-column kadence-column463_82708c-31\"><div class=\"kt-inside-inner-col\">\n<ul class=\"wp-block-social-links has-large-icon-size has-icon-background-color is-style-default is-content-justification-center is-layout-flex wp-container-core-social-links-is-layout-06b9ac4a wp-block-social-links-is-layout-flex\" style=\"margin-right:0;margin-left:0\"><li style=\"background-color:var(--global-palette1);\" class=\"wp-social-link wp-social-link-instagram  wp-block-social-link\"><a rel=\"noopener nofollow\" target=\"_blank\" href=\"https:\/\/www.facebook.com\/revilo.stolicky\/\" class=\"wp-block-social-link-anchor\"><svg width=\"24\" height=\"24\" viewBox=\"0 0 24 24\" version=\"1.1\" xmlns=\"http:\/\/www.w3.org\/2000\/svg\" aria-hidden=\"true\" focusable=\"false\"><path d=\"M12,4.622c2.403,0,2.688,0.009,3.637,0.052c0.877,0.04,1.354,0.187,1.671,0.31c0.42,0.163,0.72,0.358,1.035,0.673 c0.315,0.315,0.51,0.615,0.673,1.035c0.123,0.317,0.27,0.794,0.31,1.671c0.043,0.949,0.052,1.234,0.052,3.637 s-0.009,2.688-0.052,3.637c-0.04,0.877-0.187,1.354-0.31,1.671c-0.163,0.42-0.358,0.72-0.673,1.035 c-0.315,0.315-0.615,0.51-1.035,0.673c-0.317,0.123-0.794,0.27-1.671,0.31c-0.949,0.043-1.233,0.052-3.637,0.052 s-2.688-0.009-3.637-0.052c-0.877-0.04-1.354-0.187-1.671-0.31c-0.42-0.163-0.72-0.358-1.035-0.673 c-0.315-0.315-0.51-0.615-0.673-1.035c-0.123-0.317-0.27-0.794-0.31-1.671C4.631,14.688,4.622,14.403,4.622,12 s0.009-2.688,0.052-3.637c0.04-0.877,0.187-1.354,0.31-1.671c0.163-0.42,0.358-0.72,0.673-1.035 c0.315-0.315,0.615-0.51,1.035-0.673c0.317-0.123,0.794-0.27,1.671-0.31C9.312,4.631,9.597,4.622,12,4.622 M12,3 C9.556,3,9.249,3.01,8.289,3.054C7.331,3.098,6.677,3.25,6.105,3.472C5.513,3.702,5.011,4.01,4.511,4.511 c-0.5,0.5-0.808,1.002-1.038,1.594C3.25,6.677,3.098,7.331,3.054,8.289C3.01,9.249,3,9.556,3,12c0,2.444,0.01,2.751,0.054,3.711 c0.044,0.958,0.196,1.612,0.418,2.185c0.23,0.592,0.538,1.094,1.038,1.594c0.5,0.5,1.002,0.808,1.594,1.038 c0.572,0.222,1.227,0.375,2.185,0.418C9.249,20.99,9.556,21,12,21s2.751-0.01,3.711-0.054c0.958-0.044,1.612-0.196,2.185-0.418 c0.592-0.23,1.094-0.538,1.594-1.038c0.5-0.5,0.808-1.002,1.038-1.594c0.222-0.572,0.375-1.227,0.418-2.185 C20.99,14.751,21,14.444,21,12s-0.01-2.751-0.054-3.711c-0.044-0.958-0.196-1.612-0.418-2.185c-0.23-0.592-0.538-1.094-1.038-1.594 c-0.5-0.5-1.002-0.808-1.594-1.038c-0.572-0.222-1.227-0.375-2.185-0.418C14.751,3.01,14.444,3,12,3L12,3z M12,7.378 c-2.552,0-4.622,2.069-4.622,4.622S9.448,16.622,12,16.622s4.622-2.069,4.622-4.622S14.552,7.378,12,7.378z M12,15 c-1.657,0-3-1.343-3-3s1.343-3,3-3s3,1.343,3,3S13.657,15,12,15z M16.804,6.116c-0.596,0-1.08,0.484-1.08,1.08 s0.484,1.08,1.08,1.08c0.596,0,1.08-0.484,1.08-1.08S17.401,6.116,16.804,6.116z\"><\/path><\/svg><span class=\"wp-block-social-link-label screen-reader-text\">Instagram<\/span><\/a><\/li><\/ul>\n\n\n\n<p>We have been here for you since 2005 and we know that sitting on REVILO chairs is worth it.<\/p>\n\n\n\n<p>In our varied product portfolio you will find chairs, armchairs, armchairs, tables, table bases, children&#8217;s chairs, rocking chairs and hangers.\nWe offer a range, including expert advice, for complex furnishing of almost all types of interiors.\nWe deal with commercial interiors, residential spaces and even outdoor areas.\nWe have many years of experience in office, healthcare, hotel, restaurant, nursing home and school interiors.\nWe take great care to ensure that the products in our range combine aesthetic and utilitarian function, timeless design and high quality.\nWe are the exclusive distributor of Czech, Italian and Slovak design brands with an emphasis on history and design.     <\/p>\n\n\n\n<p>You may know REVILO equipment from your favourite Ko\u0161ice establishments such as the Jazz club restaurant, Lobby bar, Ohnisko, Stani\u010dn\u00fd Pivovar, Hostinec brewery, Slavia caf\u00e9 or the Fabrika caf\u00e9 chain and many others.  <\/p>\n<\/div><\/div>\n\n<\/div><\/div><style>.kb-row-layout-wrap.wp-block-kadence-rowlayout.kb-row-layout-id463_a71c95-3b{margin-top:var(--global-kb-spacing-lg, 3rem);}.kb-row-layout-id463_a71c95-3b > .kt-row-column-wrap{align-content:start;}:where(.kb-row-layout-id463_a71c95-3b > .kt-row-column-wrap) > .wp-block-kadence-column{justify-content:start;}.kb-row-layout-id463_a71c95-3b > .kt-row-column-wrap{column-gap:var(--global-kb-gap-md, 2rem);row-gap:var(--global-kb-gap-md, 2rem);max-width:var( --global-content-width, 1400px );padding-left:var(--global-content-edge-padding);padding-right:var(--global-content-edge-padding);padding-bottom:var(--global-kb-spacing-xl, 4rem);grid-template-columns:minmax(0, 1fr);}.kb-row-layout-id463_a71c95-3b > .kt-row-layout-overlay{opacity:0.30;}@media all and (max-width: 1024px){.kb-row-layout-id463_a71c95-3b > .kt-row-column-wrap{grid-template-columns:minmax(0, 1fr);}}@media all and (max-width: 767px){.kb-row-layout-id463_a71c95-3b > .kt-row-column-wrap{grid-template-columns:minmax(0, 1fr);}}<\/style><div class=\"kb-row-layout-wrap kb-row-layout-id463_a71c95-3b alignnone wp-block-kadence-rowlayout\"><div class=\"kt-row-column-wrap kt-has-1-columns kt-row-layout-equal kt-tab-layout-inherit kt-mobile-layout-row kt-row-valign-top kb-theme-content-width\">\n<style>.kadence-column463_264550-f5 > .kt-inside-inner-col,.kadence-column463_264550-f5 > .kt-inside-inner-col:before{border-top-left-radius:0px;border-top-right-radius:0px;border-bottom-right-radius:0px;border-bottom-left-radius:0px;}.kadence-column463_264550-f5 > .kt-inside-inner-col{column-gap:var(--global-kb-gap-sm, 1rem);}.kadence-column463_264550-f5 > .kt-inside-inner-col{flex-direction:column;}.kadence-column463_264550-f5 > .kt-inside-inner-col > .aligncenter{width:100%;}.kadence-column463_264550-f5 > .kt-inside-inner-col:before{opacity:0.3;}.kadence-column463_264550-f5{position:relative;}@media all and (max-width: 1024px){.kadence-column463_264550-f5 > .kt-inside-inner-col{flex-direction:column;justify-content:center;}}@media all and (max-width: 767px){.kadence-column463_264550-f5 > .kt-inside-inner-col{flex-direction:column;justify-content:center;}}<\/style>\n<div class=\"wp-block-kadence-column kadence-column463_264550-f5\"><div class=\"kt-inside-inner-col\"><style>.wp-block-kadence-advancedheading.kt-adv-heading463_6efb21-c5, .wp-block-kadence-advancedheading.kt-adv-heading463_6efb21-c5[data-kb-block=\"kb-adv-heading463_6efb21-c5\"]{text-align:center;font-style:normal;}.wp-block-kadence-advancedheading.kt-adv-heading463_6efb21-c5 mark.kt-highlight, .wp-block-kadence-advancedheading.kt-adv-heading463_6efb21-c5[data-kb-block=\"kb-adv-heading463_6efb21-c5\"] mark.kt-highlight{font-style:normal;color:#f76a0c;-webkit-box-decoration-break:clone;box-decoration-break:clone;padding-top:0px;padding-right:0px;padding-bottom:0px;padding-left:0px;}.wp-block-kadence-advancedheading.kt-adv-heading463_6efb21-c5 img.kb-inline-image, .wp-block-kadence-advancedheading.kt-adv-heading463_6efb21-c5[data-kb-block=\"kb-adv-heading463_6efb21-c5\"] img.kb-inline-image{width:150px;vertical-align:baseline;}<\/style>\n<h3 class=\"kt-adv-heading463_6efb21-c5 wp-block-kadence-advancedheading\" data-kb-block=\"kb-adv-heading463_6efb21-c5\">Gallery<\/h3>\n\n\n<style>.wp-block-kadence-advancedgallery .kb-gallery-type-tiles.kb-gallery-id-463_2d83c4-6b{margin:-15px;}.kb-gallery-type-tiles.kb-gallery-id-463_2d83c4-6b .kadence-blocks-gallery-item{padding:15px;}.kb-gallery-id-463_2d83c4-6b.kb-gallery-ul.kb-gallery-type-tiles .kadence-blocks-gallery-item .kadence-blocks-gallery-item-inner img, .kb-gallery-id-463_2d83c4-6b.kb-gallery-ul.kb-gallery-type-tiles > .kadence-blocks-gallery-item{height:400px;}.kb-gallery-id-463_2d83c4-6b .kadence-blocks-gallery-item .kb-gal-image-radius, .kb-gallery-id-463_2d83c4-6b .kb-slide-item .kb-gal-image-radius img{border-radius:0px 0px 0px 0px;;}<\/style><div class=\"kb-gallery-wrap-id-463_2d83c4-6b alignnone wp-block-kadence-advancedgallery\"><ul class=\"kb-gallery-ul kb-gallery-non-static kb-gallery-type-tiles kb-gallery-id-463_2d83c4-6b kb-gallery-caption-style-bottom-hover kb-gallery-filter-none kb-gallery-magnific-init\" data-image-filter=\"none\" data-lightbox-caption=\"true\"><li class=\"kadence-blocks-gallery-item\"><div class=\"kadence-blocks-gallery-item-inner\"><figure class=\"kb-gallery-figure kb-gallery-item-has-link kadence-blocks-gallery-item-hide-caption\"><a href=\"https:\/\/fabrika48.sk\/wp-content\/uploads\/2021\/11\/ref_9.jpg\" data-description=\"revilo fabrika48\" data-alt=\"revilo fabrika48\" class=\"kb-gallery-item-link\"   role=\"button\" aria-haspopup=\"dialog\"><div class=\"kb-gal-image-radius\"><div class=\"kb-gallery-image-contain\" ><img loading=\"lazy\" decoding=\"async\" src=\"https:\/\/fabrika48.sk\/wp-content\/uploads\/2021\/11\/ref_9.jpg\" width=\"1024\" height=\"683\" alt=\"revilo fabrika48\" data-full-image=\"https:\/\/fabrika48.sk\/wp-content\/uploads\/2021\/11\/ref_9.jpg\" data-light-image=\"https:\/\/fabrika48.sk\/wp-content\/uploads\/2021\/11\/ref_9.jpg\" data-id=\"1098\" class=\"wp-image-1098\" srcset=\"https:\/\/fabrika48.sk\/wp-content\/uploads\/2021\/11\/ref_9.jpg 1024w, https:\/\/fabrika48.sk\/wp-content\/uploads\/2021\/11\/ref_9-480x320.jpg 480w, https:\/\/fabrika48.sk\/wp-content\/uploads\/2021\/11\/ref_9-768x512.jpg 768w\" sizes=\"auto, (max-width: 1024px) 100vw, 1024px\" \/><\/div><\/div><\/a><\/figure><\/div><\/li><li class=\"kadence-blocks-gallery-item\"><div class=\"kadence-blocks-gallery-item-inner\"><figure class=\"kb-gallery-figure kb-gallery-item-has-link kadence-blocks-gallery-item-hide-caption\"><a href=\"https:\/\/fabrika48.sk\/wp-content\/uploads\/2021\/11\/ref_8.jpg\" data-description=\"revilo fabrika48\" data-alt=\"revilo fabrika48\" class=\"kb-gallery-item-link\"   role=\"button\" aria-haspopup=\"dialog\"><div class=\"kb-gal-image-radius\"><div class=\"kb-gallery-image-contain\" ><img loading=\"lazy\" decoding=\"async\" src=\"https:\/\/fabrika48.sk\/wp-content\/uploads\/2021\/11\/ref_8.jpg\" width=\"1024\" height=\"683\" alt=\"revilo fabrika48\" data-full-image=\"https:\/\/fabrika48.sk\/wp-content\/uploads\/2021\/11\/ref_8.jpg\" data-light-image=\"https:\/\/fabrika48.sk\/wp-content\/uploads\/2021\/11\/ref_8.jpg\" data-id=\"1097\" class=\"wp-image-1097\" srcset=\"https:\/\/fabrika48.sk\/wp-content\/uploads\/2021\/11\/ref_8.jpg 1024w, https:\/\/fabrika48.sk\/wp-content\/uploads\/2021\/11\/ref_8-480x320.jpg 480w, https:\/\/fabrika48.sk\/wp-content\/uploads\/2021\/11\/ref_8-768x512.jpg 768w\" sizes=\"auto, (max-width: 1024px) 100vw, 1024px\" \/><\/div><\/div><\/a><\/figure><\/div><\/li><li class=\"kadence-blocks-gallery-item\"><div class=\"kadence-blocks-gallery-item-inner\"><figure class=\"kb-gallery-figure kb-gallery-item-has-link kadence-blocks-gallery-item-hide-caption\"><a href=\"https:\/\/fabrika48.sk\/wp-content\/uploads\/2021\/11\/ref_7.jpg\" data-description=\"revilo fabrika48\" data-alt=\"revilo fabrika48\" class=\"kb-gallery-item-link\"   role=\"button\" aria-haspopup=\"dialog\"><div class=\"kb-gal-image-radius\"><div class=\"kb-gallery-image-contain\" ><img loading=\"lazy\" decoding=\"async\" src=\"https:\/\/fabrika48.sk\/wp-content\/uploads\/2021\/11\/ref_7.jpg\" width=\"1024\" height=\"683\" alt=\"revilo fabrika48\" data-full-image=\"https:\/\/fabrika48.sk\/wp-content\/uploads\/2021\/11\/ref_7.jpg\" data-light-image=\"https:\/\/fabrika48.sk\/wp-content\/uploads\/2021\/11\/ref_7.jpg\" data-id=\"1096\" class=\"wp-image-1096\" srcset=\"https:\/\/fabrika48.sk\/wp-content\/uploads\/2021\/11\/ref_7.jpg 1024w, https:\/\/fabrika48.sk\/wp-content\/uploads\/2021\/11\/ref_7-480x320.jpg 480w, https:\/\/fabrika48.sk\/wp-content\/uploads\/2021\/11\/ref_7-768x512.jpg 768w\" sizes=\"auto, (max-width: 1024px) 100vw, 1024px\" \/><\/div><\/div><\/a><\/figure><\/div><\/li><li class=\"kadence-blocks-gallery-item\"><div class=\"kadence-blocks-gallery-item-inner\"><figure class=\"kb-gallery-figure kb-gallery-item-has-link kadence-blocks-gallery-item-hide-caption\"><a href=\"https:\/\/fabrika48.sk\/wp-content\/uploads\/2021\/11\/ref_1.jpg\" data-description=\"revilo fabrika48\" data-alt=\"revilo fabrika48\" class=\"kb-gallery-item-link\"   role=\"button\" aria-haspopup=\"dialog\"><div class=\"kb-gal-image-radius\"><div class=\"kb-gallery-image-contain\" ><img loading=\"lazy\" decoding=\"async\" src=\"https:\/\/fabrika48.sk\/wp-content\/uploads\/2021\/11\/ref_1.jpg\" width=\"1024\" height=\"683\" alt=\"revilo fabrika48\" data-full-image=\"https:\/\/fabrika48.sk\/wp-content\/uploads\/2021\/11\/ref_1.jpg\" data-light-image=\"https:\/\/fabrika48.sk\/wp-content\/uploads\/2021\/11\/ref_1.jpg\" data-id=\"1090\" class=\"wp-image-1090\" srcset=\"https:\/\/fabrika48.sk\/wp-content\/uploads\/2021\/11\/ref_1.jpg 1024w, https:\/\/fabrika48.sk\/wp-content\/uploads\/2021\/11\/ref_1-480x320.jpg 480w, https:\/\/fabrika48.sk\/wp-content\/uploads\/2021\/11\/ref_1-768x512.jpg 768w\" sizes=\"auto, (max-width: 1024px) 100vw, 1024px\" \/><\/div><\/div><\/a><\/figure><\/div><\/li><li class=\"kadence-blocks-gallery-item\"><div class=\"kadence-blocks-gallery-item-inner\"><figure class=\"kb-gallery-figure kb-gallery-item-has-link kadence-blocks-gallery-item-hide-caption\"><a href=\"https:\/\/fabrika48.sk\/wp-content\/uploads\/2021\/11\/ref_6.jpg\" data-description=\"revilo fabrika48\" data-alt=\"revilo fabrika48\" class=\"kb-gallery-item-link\"   role=\"button\" aria-haspopup=\"dialog\"><div class=\"kb-gal-image-radius\"><div class=\"kb-gallery-image-contain\" ><img loading=\"lazy\" decoding=\"async\" src=\"https:\/\/fabrika48.sk\/wp-content\/uploads\/2021\/11\/ref_6.jpg\" width=\"683\" height=\"455\" alt=\"revilo fabrika48\" data-full-image=\"https:\/\/fabrika48.sk\/wp-content\/uploads\/2021\/11\/ref_6.jpg\" data-light-image=\"https:\/\/fabrika48.sk\/wp-content\/uploads\/2021\/11\/ref_6.jpg\" data-id=\"1095\" class=\"wp-image-1095\" srcset=\"https:\/\/fabrika48.sk\/wp-content\/uploads\/2021\/11\/ref_6.jpg 683w, https:\/\/fabrika48.sk\/wp-content\/uploads\/2021\/11\/ref_6-480x320.jpg 480w\" sizes=\"auto, (max-width: 683px) 100vw, 683px\" \/><\/div><\/div><\/a><\/figure><\/div><\/li><li class=\"kadence-blocks-gallery-item\"><div class=\"kadence-blocks-gallery-item-inner\"><figure class=\"kb-gallery-figure kb-gallery-item-has-link kadence-blocks-gallery-item-hide-caption\"><a href=\"https:\/\/fabrika48.sk\/wp-content\/uploads\/2021\/11\/ref_5.jpg\" data-description=\"revilo fabrika48\" data-alt=\"revilo fabrika48\" class=\"kb-gallery-item-link\"   role=\"button\" aria-haspopup=\"dialog\"><div class=\"kb-gal-image-radius\"><div class=\"kb-gallery-image-contain\" ><img loading=\"lazy\" decoding=\"async\" src=\"https:\/\/fabrika48.sk\/wp-content\/uploads\/2021\/11\/ref_5.jpg\" width=\"1024\" height=\"683\" alt=\"revilo fabrika48\" data-full-image=\"https:\/\/fabrika48.sk\/wp-content\/uploads\/2021\/11\/ref_5.jpg\" data-light-image=\"https:\/\/fabrika48.sk\/wp-content\/uploads\/2021\/11\/ref_5.jpg\" data-id=\"1094\" class=\"wp-image-1094\" srcset=\"https:\/\/fabrika48.sk\/wp-content\/uploads\/2021\/11\/ref_5.jpg 1024w, https:\/\/fabrika48.sk\/wp-content\/uploads\/2021\/11\/ref_5-480x320.jpg 480w, https:\/\/fabrika48.sk\/wp-content\/uploads\/2021\/11\/ref_5-768x512.jpg 768w\" sizes=\"auto, (max-width: 1024px) 100vw, 1024px\" \/><\/div><\/div><\/a><\/figure><\/div><\/li><li class=\"kadence-blocks-gallery-item\"><div class=\"kadence-blocks-gallery-item-inner\"><figure class=\"kb-gallery-figure kb-gallery-item-has-link kadence-blocks-gallery-item-hide-caption\"><a href=\"https:\/\/fabrika48.sk\/wp-content\/uploads\/2021\/11\/ref_4.jpg\" data-description=\"revilo fabrika48\" data-alt=\"revilo fabrika48\" class=\"kb-gallery-item-link\"   role=\"button\" aria-haspopup=\"dialog\"><div class=\"kb-gal-image-radius\"><div class=\"kb-gallery-image-contain\" ><img loading=\"lazy\" decoding=\"async\" src=\"https:\/\/fabrika48.sk\/wp-content\/uploads\/2021\/11\/ref_4.jpg\" width=\"1024\" height=\"683\" alt=\"revilo fabrika48\" data-full-image=\"https:\/\/fabrika48.sk\/wp-content\/uploads\/2021\/11\/ref_4.jpg\" data-light-image=\"https:\/\/fabrika48.sk\/wp-content\/uploads\/2021\/11\/ref_4.jpg\" data-id=\"1093\" class=\"wp-image-1093\" srcset=\"https:\/\/fabrika48.sk\/wp-content\/uploads\/2021\/11\/ref_4.jpg 1024w, https:\/\/fabrika48.sk\/wp-content\/uploads\/2021\/11\/ref_4-480x320.jpg 480w, https:\/\/fabrika48.sk\/wp-content\/uploads\/2021\/11\/ref_4-768x512.jpg 768w\" sizes=\"auto, (max-width: 1024px) 100vw, 1024px\" \/><\/div><\/div><\/a><\/figure><\/div><\/li><li class=\"kadence-blocks-gallery-item\"><div class=\"kadence-blocks-gallery-item-inner\"><figure class=\"kb-gallery-figure kb-gallery-item-has-link kadence-blocks-gallery-item-hide-caption\"><a href=\"https:\/\/fabrika48.sk\/wp-content\/uploads\/2021\/11\/ref_3.jpg\" data-description=\"revilo fabrika48\" data-alt=\"revilo fabrika48\" class=\"kb-gallery-item-link\"   role=\"button\" aria-haspopup=\"dialog\"><div class=\"kb-gal-image-radius\"><div class=\"kb-gallery-image-contain\" ><img loading=\"lazy\" decoding=\"async\" src=\"https:\/\/fabrika48.sk\/wp-content\/uploads\/2021\/11\/ref_3.jpg\" width=\"1024\" height=\"683\" alt=\"revilo fabrika48\" data-full-image=\"https:\/\/fabrika48.sk\/wp-content\/uploads\/2021\/11\/ref_3.jpg\" data-light-image=\"https:\/\/fabrika48.sk\/wp-content\/uploads\/2021\/11\/ref_3.jpg\" data-id=\"1092\" class=\"wp-image-1092\" srcset=\"https:\/\/fabrika48.sk\/wp-content\/uploads\/2021\/11\/ref_3.jpg 1024w, https:\/\/fabrika48.sk\/wp-content\/uploads\/2021\/11\/ref_3-480x320.jpg 480w, https:\/\/fabrika48.sk\/wp-content\/uploads\/2021\/11\/ref_3-768x512.jpg 768w\" sizes=\"auto, (max-width: 1024px) 100vw, 1024px\" \/><\/div><\/div><\/a><\/figure><\/div><\/li><li class=\"kadence-blocks-gallery-item\"><div class=\"kadence-blocks-gallery-item-inner\"><figure class=\"kb-gallery-figure kb-gallery-item-has-link kadence-blocks-gallery-item-hide-caption\"><a href=\"https:\/\/fabrika48.sk\/wp-content\/uploads\/2021\/11\/ref_2.jpg\" data-description=\"revilo fabrika48\" data-alt=\"revilo fabrika48\" class=\"kb-gallery-item-link\"   role=\"button\" aria-haspopup=\"dialog\"><div class=\"kb-gal-image-radius\"><div class=\"kb-gallery-image-contain\" ><img loading=\"lazy\" decoding=\"async\" src=\"https:\/\/fabrika48.sk\/wp-content\/uploads\/2021\/11\/ref_2.jpg\" width=\"1015\" height=\"683\" alt=\"revilo fabrika48\" data-full-image=\"https:\/\/fabrika48.sk\/wp-content\/uploads\/2021\/11\/ref_2.jpg\" data-light-image=\"https:\/\/fabrika48.sk\/wp-content\/uploads\/2021\/11\/ref_2.jpg\" data-id=\"1091\" class=\"wp-image-1091\" srcset=\"https:\/\/fabrika48.sk\/wp-content\/uploads\/2021\/11\/ref_2.jpg 1015w, https:\/\/fabrika48.sk\/wp-content\/uploads\/2021\/11\/ref_2-480x323.jpg 480w, https:\/\/fabrika48.sk\/wp-content\/uploads\/2021\/11\/ref_2-768x517.jpg 768w\" sizes=\"auto, (max-width: 1015px) 100vw, 1015px\" \/><\/div><\/div><\/a><\/figure><\/div><\/li><\/ul><\/div><\/div><\/div>\n\n<\/div><\/div>","protected":false},"excerpt":{"rendered":"<p>Revilo We have been here for you since 2005 and we know that sitting on REVILO chairs is worth it. In our varied product portfolio you will find chairs, armchairs, armchairs, tables, table bases, children&#8217;s chairs, rocking chairs and hangers. We offer a range, including expert advice, for complex furnishing of almost all types of&#8230;<\/p>\n","protected":false},"author":1,"featured_media":0,"parent":3886,"menu_order":0,"comment_status":"closed","ping_status":"closed","template":"","meta":{"_kad_blocks_custom_css":"","_kad_blocks_head_custom_js":"","_kad_blocks_body_custom_js":"","_kad_blocks_footer_custom_js":"","_kad_post_transparent":"","_kad_post_title":"hide","_kad_post_layout":"","_kad_post_sidebar_id":"","_kad_post_content_style":"","_kad_post_vertical_padding":"hide","_kad_post_feature":"","_kad_post_feature_position":"","_kad_post_header":false,"_kad_post_footer":false,"_kad_post_classname":"","footnotes":""},"class_list":["post-3903","page","type-page","status-publish","hentry"],"taxonomy_info":[],"featured_image_src_large":false,"author_info":{"display_name":"spravca","author_link":"https:\/\/fabrika48.sk\/en\/author\/spravca\/"},"comment_info":0,"_links":{"self":[{"href":"https:\/\/fabrika48.sk\/en\/wp-json\/wp\/v2\/pages\/3903","targetHints":{"allow":["GET"]}}],"collection":[{"href":"https:\/\/fabrika48.sk\/en\/wp-json\/wp\/v2\/pages"}],"about":[{"href":"https:\/\/fabrika48.sk\/en\/wp-json\/wp\/v2\/types\/page"}],"author":[{"embeddable":true,"href":"https:\/\/fabrika48.sk\/en\/wp-json\/wp\/v2\/users\/1"}],"replies":[{"embeddable":true,"href":"https:\/\/fabrika48.sk\/en\/wp-json\/wp\/v2\/comments?post=3903"}],"version-history":[{"count":1,"href":"https:\/\/fabrika48.sk\/en\/wp-json\/wp\/v2\/pages\/3903\/revisions"}],"predecessor-version":[{"id":3904,"href":"https:\/\/fabrika48.sk\/en\/wp-json\/wp\/v2\/pages\/3903\/revisions\/3904"}],"up":[{"embeddable":true,"href":"https:\/\/fabrika48.sk\/en\/wp-json\/wp\/v2\/pages\/3886"}],"wp:attachment":[{"href":"https:\/\/fabrika48.sk\/en\/wp-json\/wp\/v2\/media?parent=3903"}],"curies":[{"name":"wp","href":"https:\/\/api.w.org\/{rel}","templated":true}]}}